{"id":2896,"date":"2023-11-08T21:13:17","date_gmt":"2023-11-08T20:13:17","guid":{"rendered":"http:\/\/slusarstwo-fabijanczyk.pl\/privacy-policy\/"},"modified":"2023-11-08T21:13:17","modified_gmt":"2023-11-08T20:13:17","slug":"privacy-policy","status":"publish","type":"page","link":"https:\/\/slusarstwo-fabijanczyk.pl\/en\/privacy-policy\/","title":{"rendered":"Privacy Policy"},"content":{"rendered":"\n<p><strong>This privacy policy describes how we process information about you, including personal data and cookies, or so-called \u201ccookies\u201d. cookies.<\/strong><\/p>\n\n\n\n<p><strong>1. general information<\/strong><\/p>\n\n\n\n<ol class=\"wp-block-list\">\n<li>This policy applies to the Website, operating at the URL: <strong> www.slusarstwo-fabijanczyk.pl<\/strong><\/li>\n\n\n\n<li>The operator of the service and the Administrator of personal data is: \u015aLUSARSTWO US\u0141UGOWE MACIEJ FABIJA\u0143CZYK St. Przemys\u0142owa 10, 64-130 K\u0142oda<\/li>\n\n\n\n<li>Operator&#8217;s email contact address: biuro@slusarstwo-fabijanczyk.pl<\/li>\n\n\n\n<li>The Operator is the Administrator of your personal data with respect to the data you voluntarily provide on the Website.<\/li>\n\n\n\n<li>The Service uses personal data for the following purposes:\n<ul class=\"wp-block-list\">\n<li>Handling inquiries by form<\/li>\n\n\n\n<li>Implementation of ordered services<\/li>\n\n\n\n<li>Presentation of an offer or information<\/li>\n<\/ul>\n<\/li>\n\n\n\n<li>The service performs functions of obtaining information about users and their behavior in the following ways:\n<ul class=\"wp-block-list\">\n<li>Through voluntarily entered data in the forms, which are entered into the Operator&#8217;s systems.<\/li>\n\n\n\n<li>By storing cookies (so-called \u201ccookies\u201d) on end devices.<\/li>\n<\/ul>\n<\/li>\n<\/ol>\n\n\n\n<p><strong>2. Selected data protection methods used by the Operator<\/strong><\/p>\n\n\n\n<ol class=\"wp-block-list\">\n<li>The login and personal data entry sites are protected in the transmission layer (SSL certificate). This ensures that the personal and login information entered on the site is encrypted on the user&#8217;s computer and can only be read on the target server.<\/li>\n\n\n\n<li>Personal data stored in the database is encrypted in such a way that only those holding the Operator&#8217;s key can read it. This protects the data in case the database is stolen from the server.<\/li>\n\n\n\n<li>The operator periodically changes its administrative passwords.<\/li>\n\n\n\n<li>In order to protect the data, the Operator regularly makes security copies.<\/li>\n\n\n\n<li>An important element of data protection is the regular updating of all software used by the Operator to process personal data, which in particular means regular updates of software components.<\/li>\n<\/ol>\n\n\n\n<p><strong>3. Hosting<\/strong><\/p>\n\n\n\n<ol class=\"wp-block-list\">\n<li>The service is hosted (technically maintained) on the servers of the operator: dhosting<\/li>\n\n\n\n<li>The hosting company keeps logs at the server level to ensure technical reliability. The record may be subject to:\n<ul class=\"wp-block-list\">\n<li>resources specified by the URL identifier (addresses of the requested resources &#8211; pages, files),<\/li>\n\n\n\n<li>time of arrival of inquiry,<\/li>\n\n\n\n<li>time to send a response,<\/li>\n\n\n\n<li>the name of the client station &#8211; identification implemented by the HTTP protocol,<\/li>\n\n\n\n<li>Information about errors that occurred during the execution of HTTP transactions,<\/li>\n\n\n\n<li>URL address of the page previously visited by the user (referer link) &#8211; in case the access to the Website was made through a link,<\/li>\n\n\n\n<li>information about the user&#8217;s browser,<\/li>\n\n\n\n<li>IP address information,<\/li>\n\n\n\n<li>diagnostic information related to the process of self-ordering services through registrars on the site,<\/li>\n\n\n\n<li>information related to the handling of e-mails addressed to the Operator and sent by the Operator.<\/li>\n<\/ul>\n<\/li>\n<\/ol>\n\n\n\n<p><strong>4. your rights and additional information about how your data will be used<\/strong><\/p>\n\n\n\n<ol class=\"wp-block-list\">\n<li>In certain situations, the Administrator has the right to transfer your personal data to other recipients, if this is necessary to perform the contract concluded with you or to fulfill obligations incumbent on the Administrator. This includes such groups of recipients:\n<ul class=\"wp-block-list\">\n<li>hosting company on a trust basis<\/li>\n\n\n\n<li>authorized employees and associates who use the data to fulfill the purpose of the site<\/li>\n\n\n\n<li>companies, providing marketing services to the Administrator<\/li>\n<\/ul>\n<\/li>\n\n\n\n<li>Your personal data processed by the Administrator for no longer than necessary to perform the related activities specified by separate regulations (e.g., on accounting). With regard to marketing data, data will not be processed for more than 3 years.<\/li>\n\n\n\n<li>You have the right to request from the Administrator:\n<ul class=\"wp-block-list\">\n<li>Access to personal data concerning you,<\/li>\n\n\n\n<li>their correction,<\/li>\n\n\n\n<li>removals,<\/li>\n\n\n\n<li>processing restrictions,<\/li>\n\n\n\n<li>and data portability.<\/li>\n<\/ul>\n<\/li>\n\n\n\n<li>You have the right to object, with respect to the processing indicated in Section 3.2, to the processing of your personal data for the purpose of carrying out the legitimate interests pursued by the Controller, including profiling, whereby the right to object will not be exercised if there are valid legitimate grounds for the processing that override your interests, rights and freedoms, in particular the establishment, assertion or defense of claims.<\/li>\n\n\n\n<li>The actions of the Administrator may be complained about to the President of the Office for Personal Data Protection, St. Stawki 2, 00-193 Warsaw.<\/li>\n\n\n\n<li>Provision of personal data is voluntary, but necessary to operate the Service.<\/li>\n\n\n\n<li>Automated decision-making, including profiling for the purpose of providing services under the concluded agreement and for the purpose of direct marketing by the Administrator, may be undertaken in relation to you.<\/li>\n\n\n\n<li>Personal data is not transferred from third countries in terms of data protection laws. This means that we do not send them outside the European Union.<\/li>\n<\/ol>\n\n\n\n<p><strong>5. information in forms<\/strong><\/p>\n\n\n\n<ol class=\"wp-block-list\">\n<li>The service collects information voluntarily provided by the user, including personal information, if provided.<\/li>\n\n\n\n<li>The service can save information about the connection parameters (time stamp, IP address).<\/li>\n\n\n\n<li>The service, in some cases, may record information to help link the data in the form to the e-mail address of the user filling out the form. In this case, the user&#8217;s email address appears inside the url of the page containing the form.<\/li>\n\n\n\n<li>The data provided in the form is processed for the purpose resulting from the function of the specific form, e.g. to complete the process of service request or business contact, service registration, etc. Each time, the context and description of the form clearly informs what it is for.<\/li>\n<\/ol>\n\n\n\n<p><strong>6. administrator&#8217;s logs<\/strong><\/p>\n\n\n\n<ol class=\"wp-block-list\">\n<li>User behavior information on the site may be subject to logging. This data is used to administer the service.<\/li>\n<\/ol>\n\n\n\n<p><strong>7. important marketing techniques<\/strong><\/p>\n\n\n\n<ol class=\"wp-block-list\">\n<li>The operator uses statistical analysis of website traffic, through Google Analytics (Google Inc. based in the USA). The operator does not transmit personal data to the operator of this service, only anonymized information. The service is based on the use of cookies on the user&#8217;s end device. Regarding the information about user preferences collected by the Google advertising network, the user can view and edit the information resulting from cookies using the tool: https:\/\/www.google.com\/ads\/preferences\/<\/li>\n\n\n\n<li>The Operator uses remarketing techniques to tailor advertising messages to the user&#8217;s behavior on the site, which may give the illusion that the user&#8217;s personal information is being used to track the user, but in practice no personal information is transferred from the Operator to the advertising operators. A technological prerequisite for such activities is that cookies are enabled.<\/li>\n\n\n\n<li>The operator uses the Facebook pixel. This technology causes Facebook (Facebook Inc., based in the U.S.) to know that a person registered with it is using the Service. Based in this case on the data in relation to which he himself is the controller, the Operator does not transfer any additional personal data from himself to Facebook. Us\u0142uga opiera si\u0119 na wykorzystaniu plik\u00f3w cookies na urz\u0105dzeniu ko\u0144cowym u\u017cytkownika.<\/li>\n<\/ol>\n\n\n\n<p><strong>8. Information about cookies<\/strong><\/p>\n\n\n\n<ol class=\"wp-block-list\">\n<li>The website uses cookies.<\/li>\n\n\n\n<li>Cookies (so-called \u201ccookies\u201d) are IT data, in particular text files, which are stored in the Service User&#8217;s terminal equipment and are intended for use on the Service&#8217;s websites. Cookies usually contain the name of the website from which they originate, the length of time they are stored on the end device and a unique number.<\/li>\n\n\n\n<li>The entity placing cookies on the Service User&#8217;s terminal equipment and accessing them is the Service Operator.<\/li>\n\n\n\n<li>Cookies are used for the following purposes:\n<ul class=\"wp-block-list\">\n<li>maintaining a session of the Website user (after logging in), thanks to which the user does not have to re-enter his\/her login and password on each subpage of the Website;<\/li>\n\n\n\n<li>to achieve the objectives set out above under \u2018Essential marketing techniques\u2019;<\/li>\n<\/ul>\n<\/li>\n\n\n\n<li>The Website uses two main types of cookies: \u2018session cookies\u2019 and \u2018permanent cookies\u2019 (persistent cookies). \u2018Session\u2019 cookies are temporary files that are stored on the User&#8217;s terminal equipment until the User logs out, leaves the website or switches off the software (web browser). \u2018Permanent\u2019 cookies are stored on the User&#8217;s terminal equipment for the time specified in the parameters of the cookies or until they are deleted by the User.<\/li>\n\n\n\n<li>The web browsing software (web browser) usually allows cookies to be stored on the User&#8217;s terminal device by default. Users of the Service can change their settings in this respect. Your web browser allows you to delete cookies. It is also possible to automatically block cookies For details, please refer to the help or documentation of your Internet browser.<\/li>\n\n\n\n<li>Restrictions on the use of cookies may affect some of the functionality available on the Website.<\/li>\n\n\n\n<li>Cookies placed in the Service User&#8217;s terminal equipment may also be used by entities cooperating with the Service Operator, in particular companies: Google (Google Inc. based in the USA), Facebook (Facebook Inc. based in the USA), Twitter (Twitter Inc. based in the USA).<\/li>\n<\/ol>\n\n\n\n<p><strong>9. Zarz\u0105dzanie plikami cookies \u2013 jak w praktyce wyra\u017ca\u0107 i cofa\u0107 zgod\u0119?<\/strong><\/p>\n\n\n\n<ol class=\"wp-block-list\">\n<li>Je\u015bli u\u017cytkownik nie chce otrzymywa\u0107 plik\u00f3w cookies, mo\u017ce zmieni\u0107 ustawienia przegl\u0105darki. Zastrzegamy, \u017ce wy\u0142\u0105czenie obs\u0142ugi plik\u00f3w cookies niezb\u0119dnych dla proces\u00f3w uwierzytelniania, bezpiecze\u0144stwa, utrzymania preferencji u\u017cytkownika mo\u017ce utrudni\u0107, a w skrajnych przypadkach mo\u017ce uniemo\u017cliwi\u0107 korzystanie ze stron www<\/li>\n\n\n\n<li>W celu zarz\u0105dzania ustawienia cookies wybierz z listy poni\u017cej przegl\u0105dark\u0119 internetow\u0105, kt\u00f3rej u\u017cywasz i post\u0119puj zgodnie z instrukcjami:\n<ul class=\"wp-block-list\">\n<li><a href=\"https:\/\/support.microsoft.com\/pl-pl\/help\/10607\/microsoft-edge-view-delete-browser-history\">Edge<\/a><\/li>\n\n\n\n<li><a href=\"https:\/\/support.microsoft.com\/pl-pl\/help\/278835\/how-to-delete-cookie-files-in-internet-explorer\">Internet Explorer<\/a><\/li>\n\n\n\n<li><a href=\"http:\/\/support.google.com\/chrome\/bin\/answer.py?hl=pl&amp;answer=95647\">Chrome<\/a><\/li>\n\n\n\n<li><a href=\"http:\/\/support.apple.com\/kb\/PH5042\">Safari<\/a><\/li>\n\n\n\n<li><a href=\"http:\/\/support.mozilla.org\/pl\/kb\/W%C5%82%C4%85czanie%20i%20wy%C5%82%C4%85czanie%20obs%C5%82ugi%20ciasteczek\">Firefox<\/a><\/li>\n\n\n\n<li><a href=\"http:\/\/help.opera.com\/Windows\/12.10\/pl\/cookies.html\">Opera<\/a><\/li>\n<\/ul>\n<\/li>\n\n\n\n<li>Urz\u0105dzenia mobilne:\n<ul class=\"wp-block-list\">\n<li><a href=\"http:\/\/support.google.com\/chrome\/bin\/answer.py?hl=pl&amp;answer=95647\">Android<\/a><\/li>\n\n\n\n<li><a href=\"http:\/\/support.apple.com\/kb\/HT1677?viewlocale=pl_PL\">Safari (iOS)<\/a><\/li>\n\n\n\n<li><a href=\"http:\/\/www.windowsphone.com\/pl-pl\/how-to\/wp7\/web\/changing-privacy-and-other-browser-settings\">Windows Phone<\/a><\/li>\n<\/ul>\n<\/li>\n<\/ol>\n","protected":false},"excerpt":{"rendered":"<p>This privacy policy describes how we process information about you, including personal data and cookies, or so-called \u201ccookies\u201d. cookies. 1&#8230;. <span class=\"qrt-el-more\"><a href=\"https:\/\/slusarstwo-fabijanczyk.pl\/en\/privacy-policy\/\" class=\"qrt-link qrt-color-link qrt-cursor-scale qrt-w-chevron\">Read more<\/a><\/span><\/p>\n","protected":false},"author":1,"featured_media":0,"parent":0,"menu_order":0,"comment_status":"closed","ping_status":"open","template":"","meta":{"inline_featured_image":false,"footnotes":""},"class_list":["post-2896","page","type-page","status-publish","hentry"],"acf":[],"yoast_head":"<!-- This site is optimized with the Yoast SEO plugin v22.7 - https:\/\/yoast.com\/wordpress\/plugins\/seo\/ -->\n<title>Privacy Policy - \u015alusarstwo us\u0142ugowe<\/title>\n<meta name=\"robots\" content=\"index, follow, max-snippet:-1, max-image-preview:large, max-video-preview:-1\" \/>\n<link rel=\"canonical\" href=\"https:\/\/slusarstwo-fabijanczyk.pl\/en\/privacy-policy\/\" \/>\n<meta property=\"og:locale\" content=\"en_US\" \/>\n<meta property=\"og:type\" content=\"article\" \/>\n<meta property=\"og:title\" content=\"Privacy Policy - \u015alusarstwo us\u0142ugowe\" \/>\n<meta property=\"og:description\" content=\"This privacy policy describes how we process information about you, including personal data and cookies, or so-called \u201ccookies\u201d. cookies. 1.... Read more\" \/>\n<meta property=\"og:url\" content=\"https:\/\/slusarstwo-fabijanczyk.pl\/en\/privacy-policy\/\" \/>\n<meta property=\"og:site_name\" content=\"\u015alusarstwo us\u0142ugowe\" \/>\n<meta name=\"twitter:card\" content=\"summary_large_image\" \/>\n<meta name=\"twitter:label1\" content=\"Est. reading time\" \/>\n\t<meta name=\"twitter:data1\" content=\"8 minutes\" \/>\n<script type=\"application\/ld+json\" class=\"yoast-schema-graph\">{\"@context\":\"https:\/\/schema.org\",\"@graph\":[{\"@type\":\"WebPage\",\"@id\":\"https:\/\/slusarstwo-fabijanczyk.pl\/en\/privacy-policy\/\",\"url\":\"https:\/\/slusarstwo-fabijanczyk.pl\/en\/privacy-policy\/\",\"name\":\"Privacy Policy - \u015alusarstwo us\u0142ugowe\",\"isPartOf\":{\"@id\":\"https:\/\/slusarstwo-fabijanczyk.pl\/#website\"},\"datePublished\":\"2023-11-08T20:13:17+00:00\",\"dateModified\":\"2023-11-08T20:13:17+00:00\",\"breadcrumb\":{\"@id\":\"https:\/\/slusarstwo-fabijanczyk.pl\/en\/privacy-policy\/#breadcrumb\"},\"inLanguage\":\"en-US\",\"potentialAction\":[{\"@type\":\"ReadAction\",\"target\":[\"https:\/\/slusarstwo-fabijanczyk.pl\/en\/privacy-policy\/\"]}]},{\"@type\":\"BreadcrumbList\",\"@id\":\"https:\/\/slusarstwo-fabijanczyk.pl\/en\/privacy-policy\/#breadcrumb\",\"itemListElement\":[{\"@type\":\"ListItem\",\"position\":1,\"name\":\"Strona g\u0142\u00f3wna\",\"item\":\"https:\/\/slusarstwo-fabijanczyk.pl\/en\/\"},{\"@type\":\"ListItem\",\"position\":2,\"name\":\"Privacy Policy\"}]},{\"@type\":\"WebSite\",\"@id\":\"https:\/\/slusarstwo-fabijanczyk.pl\/#website\",\"url\":\"https:\/\/slusarstwo-fabijanczyk.pl\/\",\"name\":\"\u015alusarstwo Us\u0142ugowe\",\"description\":\"Maciej Fabija\u0144czyk - \u015blusarstwo-fabijanczyk.pl\",\"publisher\":{\"@id\":\"https:\/\/slusarstwo-fabijanczyk.pl\/#organization\"},\"potentialAction\":[{\"@type\":\"SearchAction\",\"target\":{\"@type\":\"EntryPoint\",\"urlTemplate\":\"https:\/\/slusarstwo-fabijanczyk.pl\/?s={search_term_string}\"},\"query-input\":\"required name=search_term_string\"}],\"inLanguage\":\"en-US\"},{\"@type\":\"Organization\",\"@id\":\"https:\/\/slusarstwo-fabijanczyk.pl\/#organization\",\"name\":\"Maciej Fabija\u0144czyk\",\"url\":\"https:\/\/slusarstwo-fabijanczyk.pl\/\",\"logo\":{\"@type\":\"ImageObject\",\"inLanguage\":\"en-US\",\"@id\":\"https:\/\/slusarstwo-fabijanczyk.pl\/#\/schema\/logo\/image\/\",\"url\":\"https:\/\/slusarstwo-fabijanczyk.pl\/wp-content\/uploads\/2024\/04\/cropped-logo.png\",\"contentUrl\":\"https:\/\/slusarstwo-fabijanczyk.pl\/wp-content\/uploads\/2024\/04\/cropped-logo.png\",\"width\":512,\"height\":512,\"caption\":\"Maciej Fabija\u0144czyk\"},\"image\":{\"@id\":\"https:\/\/slusarstwo-fabijanczyk.pl\/#\/schema\/logo\/image\/\"}}]}<\/script>\n<!-- \/ Yoast SEO plugin. -->","yoast_head_json":{"title":"Privacy Policy - \u015alusarstwo us\u0142ugowe","robots":{"index":"index","follow":"follow","max-snippet":"max-snippet:-1","max-image-preview":"max-image-preview:large","max-video-preview":"max-video-preview:-1"},"canonical":"https:\/\/slusarstwo-fabijanczyk.pl\/en\/privacy-policy\/","og_locale":"en_US","og_type":"article","og_title":"Privacy Policy - \u015alusarstwo us\u0142ugowe","og_description":"This privacy policy describes how we process information about you, including personal data and cookies, or so-called \u201ccookies\u201d. cookies. 1.... Read more","og_url":"https:\/\/slusarstwo-fabijanczyk.pl\/en\/privacy-policy\/","og_site_name":"\u015alusarstwo us\u0142ugowe","twitter_card":"summary_large_image","twitter_misc":{"Est. reading time":"8 minutes"},"schema":{"@context":"https:\/\/schema.org","@graph":[{"@type":"WebPage","@id":"https:\/\/slusarstwo-fabijanczyk.pl\/en\/privacy-policy\/","url":"https:\/\/slusarstwo-fabijanczyk.pl\/en\/privacy-policy\/","name":"Privacy Policy - \u015alusarstwo us\u0142ugowe","isPartOf":{"@id":"https:\/\/slusarstwo-fabijanczyk.pl\/#website"},"datePublished":"2023-11-08T20:13:17+00:00","dateModified":"2023-11-08T20:13:17+00:00","breadcrumb":{"@id":"https:\/\/slusarstwo-fabijanczyk.pl\/en\/privacy-policy\/#breadcrumb"},"inLanguage":"en-US","potentialAction":[{"@type":"ReadAction","target":["https:\/\/slusarstwo-fabijanczyk.pl\/en\/privacy-policy\/"]}]},{"@type":"BreadcrumbList","@id":"https:\/\/slusarstwo-fabijanczyk.pl\/en\/privacy-policy\/#breadcrumb","itemListElement":[{"@type":"ListItem","position":1,"name":"Strona g\u0142\u00f3wna","item":"https:\/\/slusarstwo-fabijanczyk.pl\/en\/"},{"@type":"ListItem","position":2,"name":"Privacy Policy"}]},{"@type":"WebSite","@id":"https:\/\/slusarstwo-fabijanczyk.pl\/#website","url":"https:\/\/slusarstwo-fabijanczyk.pl\/","name":"\u015alusarstwo Us\u0142ugowe","description":"Maciej Fabija\u0144czyk - \u015blusarstwo-fabijanczyk.pl","publisher":{"@id":"https:\/\/slusarstwo-fabijanczyk.pl\/#organization"},"potentialAction":[{"@type":"SearchAction","target":{"@type":"EntryPoint","urlTemplate":"https:\/\/slusarstwo-fabijanczyk.pl\/?s={search_term_string}"},"query-input":"required name=search_term_string"}],"inLanguage":"en-US"},{"@type":"Organization","@id":"https:\/\/slusarstwo-fabijanczyk.pl\/#organization","name":"Maciej Fabija\u0144czyk","url":"https:\/\/slusarstwo-fabijanczyk.pl\/","logo":{"@type":"ImageObject","inLanguage":"en-US","@id":"https:\/\/slusarstwo-fabijanczyk.pl\/#\/schema\/logo\/image\/","url":"https:\/\/slusarstwo-fabijanczyk.pl\/wp-content\/uploads\/2024\/04\/cropped-logo.png","contentUrl":"https:\/\/slusarstwo-fabijanczyk.pl\/wp-content\/uploads\/2024\/04\/cropped-logo.png","width":512,"height":512,"caption":"Maciej Fabija\u0144czyk"},"image":{"@id":"https:\/\/slusarstwo-fabijanczyk.pl\/#\/schema\/logo\/image\/"}}]}},"_links":{"self":[{"href":"https:\/\/slusarstwo-fabijanczyk.pl\/en\/wp-json\/wp\/v2\/pages\/2896","targetHints":{"allow":["GET"]}}],"collection":[{"href":"https:\/\/slusarstwo-fabijanczyk.pl\/en\/wp-json\/wp\/v2\/pages"}],"about":[{"href":"https:\/\/slusarstwo-fabijanczyk.pl\/en\/wp-json\/wp\/v2\/types\/page"}],"author":[{"embeddable":true,"href":"https:\/\/slusarstwo-fabijanczyk.pl\/en\/wp-json\/wp\/v2\/users\/1"}],"replies":[{"embeddable":true,"href":"https:\/\/slusarstwo-fabijanczyk.pl\/en\/wp-json\/wp\/v2\/comments?post=2896"}],"version-history":[{"count":0,"href":"https:\/\/slusarstwo-fabijanczyk.pl\/en\/wp-json\/wp\/v2\/pages\/2896\/revisions"}],"wp:attachment":[{"href":"https:\/\/slusarstwo-fabijanczyk.pl\/en\/wp-json\/wp\/v2\/media?parent=2896"}],"curies":[{"name":"wp","href":"https:\/\/api.w.org\/{rel}","templated":true}]}}