{"id":2894,"date":"2023-11-08T21:13:17","date_gmt":"2023-11-08T20:13:17","guid":{"rendered":"http:\/\/slusarstwo-fabijanczyk.pl\/datenschutzpolitik\/"},"modified":"2023-11-08T21:13:17","modified_gmt":"2023-11-08T20:13:17","slug":"datenschutzpolitik","status":"publish","type":"page","link":"https:\/\/slusarstwo-fabijanczyk.pl\/de\/datenschutzpolitik\/","title":{"rendered":"Datenschutzpolitik"},"content":{"rendered":"\n<p><strong>Die Datenschutzerkl\u00e4rung beschreibt, wie wir Informationen \u00fcber Sie, einschlie\u00dflich personenbezogener Daten und so genannter Cookies, verarbeiten. cookies.<\/strong><\/p>\n\n\n\n<p><strong>1. Allgemeine Informationen<\/strong><\/p>\n\n\n\n<ol class=\"wp-block-list\">\n<li>Diese Richtlinie gilt f\u00fcr die Website, die unter der URL: <strong> www.slusarstwo-fabijanczyk.pl<\/strong><\/li>\n\n\n\n<li>Der Betreiber des Dienstes und Verwalter der personenbezogenen Daten ist: \u015aLUSARSTWO US\u0141UGOWE MACIEJ FABIJA\u0143CZYK Str. Przemys\u0142owa 10, 64-130 K\u0142oda<\/li>\n\n\n\n<li>E-Mail-Kontaktadresse des Betreibers: biuro@slusarstwo-fabijanczyk.pl<\/li>\n\n\n\n<li>Der Betreiber ist der Verwalter Ihrer pers\u00f6nlichen Daten in Bezug auf die Daten, die Sie freiwillig auf der Website angeben.<\/li>\n\n\n\n<li>Der Dienst verwendet personenbezogene Daten f\u00fcr die folgenden Zwecke:\n<ul class=\"wp-block-list\">\n<li>Bearbeitung von Anfragen \u00fcber das Formular<\/li>\n\n\n\n<li>Erbringung der gew\u00fcnschten Dienstleistungen<\/li>\n\n\n\n<li>Pr\u00e4sentation eines Angebots oder einer Information<\/li>\n<\/ul>\n<\/li>\n\n\n\n<li>Der Dienst f\u00fchrt Funktionen aus, um Informationen \u00fcber die Nutzer und ihr Verhalten auf folgende Weise zu erhalten:\n<ul class=\"wp-block-list\">\n<li>Durch die freiwillig in die Formulare eingegebenen Daten, die in die Systeme des Betreibers eingegeben werden.<\/li>\n\n\n\n<li>Durch die Speicherung von Cookies (sog. \u201eCookies\u201c) auf den Endger\u00e4ten.<\/li>\n<\/ul>\n<\/li>\n<\/ol>\n\n\n\n<p><strong>2. ausgew\u00e4hlte Datenschutzmethoden des Betreibers<\/strong><\/p>\n\n\n\n<ol class=\"wp-block-list\">\n<li>Die Bereiche Login und pers\u00f6nliche Dateneingabe sind in der \u00dcbertragungsschicht gesch\u00fctzt (SSL-Zertifikat). Dadurch wird sichergestellt, dass die auf der Website eingegebenen pers\u00f6nlichen Daten und Anmeldedaten auf dem Computer des Benutzers verschl\u00fcsselt werden und nur auf dem Zielserver gelesen werden k\u00f6nnen.<\/li>\n\n\n\n<li>Die in der Datenbank gespeicherten personenbezogenen Daten werden so verschl\u00fcsselt, dass nur derjenige, der den Operatorschl\u00fcssel besitzt, sie lesen kann. Dies sch\u00fctzt die Daten, falls die Datenbank vom Server gestohlen wird.<\/li>\n\n\n\n<li>Der Betreiber \u00e4ndert in regelm\u00e4\u00dfigen Abst\u00e4nden seine administrativen Passw\u00f6rter.<\/li>\n\n\n\n<li>Um die Daten zu sch\u00fctzen, erstellt der Betreiber regelm\u00e4\u00dfig Sicherungskopien.<\/li>\n\n\n\n<li>Ein wichtiges Element des Datenschutzes ist die regelm\u00e4\u00dfige Aktualisierung der gesamten Software, die der Betreiber zur Verarbeitung personenbezogener Daten einsetzt, d.h. insbesondere die regelm\u00e4\u00dfige Aktualisierung der Softwarekomponenten.<\/li>\n<\/ol>\n\n\n\n<p><strong>3. das Hosting<\/strong><\/p>\n\n\n\n<ol class=\"wp-block-list\">\n<li>Der Dienst wird auf den Servern des Betreibers gehostet (technisch gewartet): dhosting<\/li>\n\n\n\n<li>Das Hosting-Unternehmen f\u00fchrt auf Serverebene Protokolle, um die technische Zuverl\u00e4ssigkeit zu gew\u00e4hrleisten. Die Aufzeichnung kann Gegenstand einer \u00dcberpr\u00fcfung sein:\n<ul class=\"wp-block-list\">\n<li>Ressourcen, die durch einen URL-Bezeichner angegeben werden (Adressen der angeforderten Ressourcen &#8211; Seiten, Dateien),<\/li>\n\n\n\n<li>der Zeitpunkt der Untersuchung,<\/li>\n\n\n\n<li>Zeitpunkt der \u00dcbermittlung der Antwort,<\/li>\n\n\n\n<li>der Name der Client-Station &#8211; Identifizierung \u00fcber das HTTP-Protokoll,<\/li>\n\n\n\n<li>Informationen \u00fcber Fehler, die w\u00e4hrend der Ausf\u00fchrung der HTTP-Transaktion aufgetreten sind,<\/li>\n\n\n\n<li>die URL einer zuvor vom Nutzer besuchten Seite (Referer-Link), falls ein Link zur Website besteht,<\/li>\n\n\n\n<li>Informationen \u00fcber den Browser des Benutzers,<\/li>\n\n\n\n<li>Informationen zur IP-Adresse,<\/li>\n\n\n\n<li>diagnostische Informationen im Zusammenhang mit dem Prozess der Selbstbestellung von Dienstleistungen \u00fcber Registrierstellen auf der Website,<\/li>\n\n\n\n<li>Informationen im Zusammenhang mit der Bearbeitung von E-Mails, die an den Betreiber gerichtet sind und von ihm versandt werden.<\/li>\n<\/ul>\n<\/li>\n<\/ol>\n\n\n\n<p><strong>4. Ihre Rechte und zus\u00e4tzliche Informationen \u00fcber die Verwendung Ihrer Daten<\/strong><\/p>\n\n\n\n<ol class=\"wp-block-list\">\n<li>In bestimmten Situationen hat der Verwalter das Recht, Ihre personenbezogenen Daten an andere Empf\u00e4nger zu \u00fcbermitteln, wenn dies f\u00fcr die Erf\u00fcllung eines mit Ihnen geschlossenen Vertrags oder f\u00fcr die Erf\u00fcllung der dem Verwalter obliegenden Verpflichtungen erforderlich ist. Dies gilt f\u00fcr diese Publikumsgruppen:\n<ul class=\"wp-block-list\">\n<li>Hosting-Unternehmen auf delegierter Basis<\/li>\n\n\n\n<li>befugte Mitarbeiter und Partner, die die Daten zur Erf\u00fcllung des Zwecks der Website verwenden<\/li>\n\n\n\n<li>Unternehmen, die dem Verwalter Marketingdienstleistungen anbieten<\/li>\n<\/ul>\n<\/li>\n\n\n\n<li>Ihre personenbezogenen Daten werden vom Verwalter nur so lange verarbeitet, wie es f\u00fcr die Durchf\u00fchrung der damit verbundenen, in gesonderten Vorschriften festgelegten T\u00e4tigkeiten (z. B. zur Buchf\u00fchrung) erforderlich ist. Was die Marketingdaten betrifft, so werden diese nicht l\u00e4nger als 3 Jahre verarbeitet.<\/li>\n\n\n\n<li>Sie haben das Recht, sich an den Verwalter zu wenden:\n<ul class=\"wp-block-list\">\n<li>Zugang zu den Sie betreffenden personenbezogenen Daten,<\/li>\n\n\n\n<li>ihre Berichtigung,<\/li>\n\n\n\n<li>L\u00f6schungen,<\/li>\n\n\n\n<li>Einschr\u00e4nkung der Verarbeitung,<\/li>\n\n\n\n<li>und Daten\u00fcbertragbarkeit.<\/li>\n<\/ul>\n<\/li>\n\n\n\n<li>Sie haben das Recht, in Bezug auf die in Absatz 3.2 genannte Verarbeitung Widerspruch gegen die Verarbeitung personenbezogener Daten zur Wahrung der berechtigten Interessen des f\u00fcr die Verarbeitung Verantwortlichen, einschlie\u00dflich des Profilings, einzulegen, wobei das Widerspruchsrecht nicht ausge\u00fcbt werden kann, wenn berechtigte Gr\u00fcnde f\u00fcr die Verarbeitung vorliegen, die Ihre Interessen, Rechte und Freiheiten \u00fcberwiegen, insbesondere die Feststellung, Geltendmachung oder Verteidigung von Anspr\u00fcchen.<\/li>\n\n\n\n<li>Gegen die Handlungen des Verwalters kann beim Pr\u00e4sidenten des Amtes f\u00fcr den Schutz personenbezogener Daten Beschwerde eingelegt werden, Str. Stawki 2, 00-193 Warschau.<\/li>\n\n\n\n<li>Die Angabe von personenbezogenen Daten ist freiwillig, aber f\u00fcr den Betrieb des Dienstes erforderlich.<\/li>\n\n\n\n<li>Eine automatisierte Entscheidungsfindung, einschlie\u00dflich Profiling, kann in Bezug auf Sie zum Zweck der Erbringung von Dienstleistungen im Rahmen des geschlossenen Vertrags und zum Zweck der Direktwerbung durch den Verwalter erfolgen.<\/li>\n\n\n\n<li>Personenbezogene Daten werden nicht aus Drittl\u00e4ndern im Sinne der Datenschutzgesetzgebung \u00fcbermittelt. Das bedeutet, dass wir sie nicht in L\u00e4nder au\u00dferhalb der Europ\u00e4ischen Union versenden.<\/li>\n<\/ol>\n\n\n\n<p><strong>5. Informationen zu den Formularen<\/strong><\/p>\n\n\n\n<ol class=\"wp-block-list\">\n<li>Der Dienst sammelt Informationen, die der Nutzer freiwillig zur Verf\u00fcgung stellt, einschlie\u00dflich personenbezogener Daten, sofern diese zur Verf\u00fcgung gestellt werden.<\/li>\n\n\n\n<li>Der Dienst kann Informationen \u00fcber die Verbindungsparameter (Zeitstempel, IP-Adresse) speichern.<\/li>\n\n\n\n<li>In einigen F\u00e4llen kann der Dienst Informationen aufzeichnen, um die Daten im Formular mit der E-Mail-Adresse des Benutzers, der das Formular ausf\u00fcllt, zu verkn\u00fcpfen. In diesem Fall erscheint die E-Mail-Adresse des Benutzers innerhalb der URL der Seite, die das Formular enth\u00e4lt.<\/li>\n\n\n\n<li>Die im Formular angegebenen Daten werden zu dem Zweck verarbeitet, der sich aus der Funktion des jeweiligen Formulars ergibt, z. B. zur Bearbeitung einer Dienstleistungsanfrage oder eines Gesch\u00e4ftskontakts, zur Registrierung von Dienstleistungen usw. In jedem Fall geht aus dem Kontext und der Beschreibung des Formulars klar hervor, wof\u00fcr es bestimmt ist.<\/li>\n<\/ol>\n\n\n\n<p><strong>6 Administratorprotokolle<\/strong><\/p>\n\n\n\n<ol class=\"wp-block-list\">\n<li>Die Informationen \u00fcber das Nutzerverhalten auf der Website k\u00f6nnen protokolliert werden. Diese Daten werden f\u00fcr die Verwaltung der Website verwendet.<\/li>\n<\/ol>\n\n\n\n<p><strong>7. Relevante Marketingtechniken<\/strong><\/p>\n\n\n\n<ol class=\"wp-block-list\">\n<li>Der Betreiber nutzt die statistische Auswertung des Website-Verkehrs mittels Google Analytics (Google Inc., mit Sitz in den USA). Der Betreiber \u00fcbermittelt keine personenbezogenen Daten an den Betreiber dieses Dienstes, sondern nur anonymisierte Informationen. Der Dienst basiert auf der Verwendung von Cookies auf dem Endger\u00e4t des Nutzers. Was die vom Google-Werbenetzwerk gesammelten Informationen \u00fcber die Nutzerpr\u00e4ferenzen betrifft, so kann der Nutzer die aus den Cookies resultierenden Informationen mit dem folgenden Tool einsehen und bearbeiten: https:\/\/www.google.com\/ads\/preferences\/<\/li>\n\n\n\n<li>Der Betreiber verwendet Remarketing-Techniken, um Werbebotschaften auf das Verhalten des Nutzers auf der Website abzustimmen, was den Anschein erwecken kann, dass die personenbezogenen Daten des Nutzers verwendet werden, um den Nutzer zu verfolgen, aber in der Praxis werden keine personenbezogenen Daten vom Betreiber an die Werbebetreiber \u00fcbermittelt. Eine technische Voraussetzung daf\u00fcr ist, dass Cookies aktiviert sind.<\/li>\n\n\n\n<li>Der Betreiber verwendet das Facebook-Pixel. Diese Technologie bedeutet, dass Facebook (Facebook Inc., mit Sitz in den USA) wei\u00df, dass eine bei ihm registrierte Person den Dienst nutzt. In diesem Fall gibt der Betreiber keine zus\u00e4tzlichen personenbezogenen Daten an Facebook weiter. Der Dienst basiert auf der Verwendung von Cookies auf dem Endger\u00e4t des Nutzers.<\/li>\n<\/ol>\n\n\n\n<p><strong>8. Informationen \u00fcber Cookies<\/strong><\/p>\n\n\n\n<ol class=\"wp-block-list\">\n<li>Die Website verwendet Cookies.<\/li>\n\n\n\n<li>Cookies (sog. \u201eCookies\u201c) sind IT-Daten, insbesondere Textdateien, die im Endger\u00e4t des Dienstnutzers gespeichert werden und f\u00fcr die Nutzung der Website bestimmt sind. Cookies enthalten in der Regel den Namen der Website, von der sie stammen, die Dauer der Speicherung auf dem Endger\u00e4t und eine eindeutige Nummer.<\/li>\n\n\n\n<li>Die Stelle, die Cookies auf dem Endger\u00e4t des Nutzers platziert und auf sie zugreift, ist der Betreiber des Dienstes.<\/li>\n\n\n\n<li>Cookies werden f\u00fcr die folgenden Zwecke verwendet:\n<ul class=\"wp-block-list\">\n<li>Aufrechterhaltung einer Sitzung des Website-Benutzers (nach dem Einloggen), dank derer der Benutzer sein Login und sein Passwort nicht auf jeder Unterseite der Website erneut eingeben muss;<\/li>\n\n\n\n<li>um die oben unter \u201eWesentliche Marketingtechniken\u201c genannten Ziele zu erreichen;<\/li>\n<\/ul>\n<\/li>\n\n\n\n<li>Die Website verwendet zwei Haupttypen von Cookies: \u201eSitzungscookies\u201c und \u201epermanente Cookies\u201c (dauerhafte Cookies). \u201eSession\u201c-Cookies sind tempor\u00e4re Dateien, die auf dem Endger\u00e4t des Nutzers gespeichert werden, bis sich der Nutzer abmeldet, die Website verl\u00e4sst oder die Software (Webbrowser) ausschaltet. \u201ePermanente\u201c Cookies werden auf dem Endger\u00e4t des Nutzers f\u00fcr die in den Parametern der Cookies angegebene Zeit oder bis zu ihrer L\u00f6schung durch den Nutzer gespeichert.<\/li>\n\n\n\n<li>Die Web-Browsing-Software (Webbrowser) erlaubt in der Regel standardm\u00e4\u00dfig die Speicherung von Cookies auf dem Endger\u00e4t des Nutzers. Die Nutzer des Dienstes k\u00f6nnen ihre diesbez\u00fcglichen Einstellungen \u00e4ndern. Ihr Webbrowser erm\u00f6glicht es Ihnen, Cookies zu l\u00f6schen. Es ist auch m\u00f6glich, Cookies automatisch zu blockieren. Einzelheiten hierzu entnehmen Sie bitte der Hilfe oder Dokumentation Ihres Internet-Browsers.<\/li>\n\n\n\n<li>Einschr\u00e4nkungen bei der Verwendung von Cookies k\u00f6nnen einige der auf der Website verf\u00fcgbaren Funktionen beeintr\u00e4chtigen.<\/li>\n\n\n\n<li>Die im Endger\u00e4t des Nutzers des Dienstes platzierten Cookies k\u00f6nnen auch von Einrichtungen verwendet werden, die mit dem Betreiber des Dienstes zusammenarbeiten, insbesondere von Unternehmen: Google (Google Inc. mit Sitz in den USA), Facebook (Facebook Inc. mit Sitz in den USA), Twitter (Twitter Inc. mit Sitz in den USA).<\/li>\n<\/ol>\n\n\n\n<p><strong>9. die Verwaltung von Cookies &#8211; wie wird die Zustimmung in der Praxis erteilt und zur\u00fcckgezogen?<\/strong><\/p>\n\n\n\n<ol class=\"wp-block-list\">\n<li>Wenn Sie keine Cookies erhalten m\u00f6chten, k\u00f6nnen Sie Ihre Browsereinstellungen \u00e4ndern. Bitte beachten Sie, dass die Deaktivierung von Cookies, die f\u00fcr Authentifizierungsprozesse, die Sicherheit und die Beibehaltung von Benutzerpr\u00e4ferenzen unerl\u00e4sslich sind, die Nutzung der Websites erschweren und in extremen F\u00e4llen unm\u00f6glich machen kann.<\/li>\n\n\n\n<li>Um Ihre Cookie-Einstellungen zu verwalten, w\u00e4hlen Sie den von Ihnen verwendeten Webbrowser aus der nachstehenden Liste aus und folgen Sie den Anweisungen:\n<ul class=\"wp-block-list\">\n<li><a href=\"https:\/\/support.microsoft.com\/pl-pl\/help\/10607\/microsoft-edge-view-delete-browser-history\">Edge<\/a><\/li>\n\n\n\n<li><a href=\"https:\/\/support.microsoft.com\/pl-pl\/help\/278835\/how-to-delete-cookie-files-in-internet-explorer\">Internet Explorer<\/a><\/li>\n\n\n\n<li><a href=\"http:\/\/support.google.com\/chrome\/bin\/answer.py?hl=pl&amp;answer=95647\">Chrome<\/a><\/li>\n\n\n\n<li><a href=\"http:\/\/support.apple.com\/kb\/PH5042\">Safari<\/a><\/li>\n\n\n\n<li><a href=\"http:\/\/support.mozilla.org\/pl\/kb\/W%C5%82%C4%85czanie%20i%20wy%C5%82%C4%85czanie%20obs%C5%82ugi%20ciasteczek\">Firefox<\/a><\/li>\n\n\n\n<li><a href=\"http:\/\/help.opera.com\/Windows\/12.10\/pl\/cookies.html\">Opera<\/a><\/li>\n<\/ul>\n<\/li>\n\n\n\n<li>Mobile Ger\u00e4te:\n<ul class=\"wp-block-list\">\n<li><a href=\"http:\/\/support.google.com\/chrome\/bin\/answer.py?hl=pl&amp;answer=95647\">Android<\/a><\/li>\n\n\n\n<li><a href=\"http:\/\/support.apple.com\/kb\/HT1677?viewlocale=pl_PL\">Safari (iOS)<\/a><\/li>\n\n\n\n<li><a href=\"http:\/\/www.windowsphone.com\/pl-pl\/how-to\/wp7\/web\/changing-privacy-and-other-browser-settings\">Windows Phone<\/a><\/li>\n<\/ul>\n<\/li>\n<\/ol>\n","protected":false},"excerpt":{"rendered":"<p>Die Datenschutzerkl\u00e4rung beschreibt, wie wir Informationen \u00fcber Sie, einschlie\u00dflich personenbezogener Daten und so genannter Cookies, verarbeiten. cookies. 1. Allgemeine Informationen&#8230; <span class=\"qrt-el-more\"><a href=\"https:\/\/slusarstwo-fabijanczyk.pl\/de\/datenschutzpolitik\/\" class=\"qrt-link qrt-color-link qrt-cursor-scale qrt-w-chevron\">Read more<\/a><\/span><\/p>\n","protected":false},"author":1,"featured_media":0,"parent":0,"menu_order":0,"comment_status":"closed","ping_status":"open","template":"","meta":{"inline_featured_image":false,"footnotes":""},"class_list":["post-2894","page","type-page","status-publish","hentry"],"acf":[],"yoast_head":"<!-- This site is optimized with the Yoast SEO plugin v22.7 - https:\/\/yoast.com\/wordpress\/plugins\/seo\/ -->\n<title>Datenschutzpolitik - \u015alusarstwo us\u0142ugowe<\/title>\n<meta name=\"robots\" content=\"index, follow, max-snippet:-1, max-image-preview:large, max-video-preview:-1\" \/>\n<link rel=\"canonical\" href=\"https:\/\/slusarstwo-fabijanczyk.pl\/de\/datenschutzpolitik\/\" \/>\n<meta property=\"og:locale\" content=\"de_DE\" \/>\n<meta property=\"og:type\" content=\"article\" \/>\n<meta property=\"og:title\" content=\"Datenschutzpolitik - \u015alusarstwo us\u0142ugowe\" \/>\n<meta property=\"og:description\" content=\"Die Datenschutzerkl\u00e4rung beschreibt, wie wir Informationen \u00fcber Sie, einschlie\u00dflich personenbezogener Daten und so genannter Cookies, verarbeiten. cookies. 1. Allgemeine Informationen... Read more\" \/>\n<meta property=\"og:url\" content=\"https:\/\/slusarstwo-fabijanczyk.pl\/de\/datenschutzpolitik\/\" \/>\n<meta property=\"og:site_name\" content=\"\u015alusarstwo us\u0142ugowe\" \/>\n<meta name=\"twitter:card\" content=\"summary_large_image\" \/>\n<meta name=\"twitter:label1\" content=\"Gesch\u00e4tzte Lesezeit\" \/>\n\t<meta name=\"twitter:data1\" content=\"8\u00a0Minuten\" \/>\n<script type=\"application\/ld+json\" class=\"yoast-schema-graph\">{\"@context\":\"https:\/\/schema.org\",\"@graph\":[{\"@type\":\"WebPage\",\"@id\":\"https:\/\/slusarstwo-fabijanczyk.pl\/de\/datenschutzpolitik\/\",\"url\":\"https:\/\/slusarstwo-fabijanczyk.pl\/de\/datenschutzpolitik\/\",\"name\":\"Datenschutzpolitik - \u015alusarstwo us\u0142ugowe\",\"isPartOf\":{\"@id\":\"https:\/\/slusarstwo-fabijanczyk.pl\/#website\"},\"datePublished\":\"2023-11-08T20:13:17+00:00\",\"dateModified\":\"2023-11-08T20:13:17+00:00\",\"breadcrumb\":{\"@id\":\"https:\/\/slusarstwo-fabijanczyk.pl\/de\/datenschutzpolitik\/#breadcrumb\"},\"inLanguage\":\"de\",\"potentialAction\":[{\"@type\":\"ReadAction\",\"target\":[\"https:\/\/slusarstwo-fabijanczyk.pl\/de\/datenschutzpolitik\/\"]}]},{\"@type\":\"BreadcrumbList\",\"@id\":\"https:\/\/slusarstwo-fabijanczyk.pl\/de\/datenschutzpolitik\/#breadcrumb\",\"itemListElement\":[{\"@type\":\"ListItem\",\"position\":1,\"name\":\"Strona g\u0142\u00f3wna\",\"item\":\"https:\/\/slusarstwo-fabijanczyk.pl\/de\/\"},{\"@type\":\"ListItem\",\"position\":2,\"name\":\"Datenschutzpolitik\"}]},{\"@type\":\"WebSite\",\"@id\":\"https:\/\/slusarstwo-fabijanczyk.pl\/#website\",\"url\":\"https:\/\/slusarstwo-fabijanczyk.pl\/\",\"name\":\"\u015alusarstwo Us\u0142ugowe\",\"description\":\"Maciej Fabija\u0144czyk - \u015blusarstwo-fabijanczyk.pl\",\"publisher\":{\"@id\":\"https:\/\/slusarstwo-fabijanczyk.pl\/#organization\"},\"potentialAction\":[{\"@type\":\"SearchAction\",\"target\":{\"@type\":\"EntryPoint\",\"urlTemplate\":\"https:\/\/slusarstwo-fabijanczyk.pl\/?s={search_term_string}\"},\"query-input\":\"required name=search_term_string\"}],\"inLanguage\":\"de\"},{\"@type\":\"Organization\",\"@id\":\"https:\/\/slusarstwo-fabijanczyk.pl\/#organization\",\"name\":\"Maciej Fabija\u0144czyk\",\"url\":\"https:\/\/slusarstwo-fabijanczyk.pl\/\",\"logo\":{\"@type\":\"ImageObject\",\"inLanguage\":\"de\",\"@id\":\"https:\/\/slusarstwo-fabijanczyk.pl\/#\/schema\/logo\/image\/\",\"url\":\"https:\/\/slusarstwo-fabijanczyk.pl\/wp-content\/uploads\/2024\/04\/cropped-logo.png\",\"contentUrl\":\"https:\/\/slusarstwo-fabijanczyk.pl\/wp-content\/uploads\/2024\/04\/cropped-logo.png\",\"width\":512,\"height\":512,\"caption\":\"Maciej Fabija\u0144czyk\"},\"image\":{\"@id\":\"https:\/\/slusarstwo-fabijanczyk.pl\/#\/schema\/logo\/image\/\"}}]}<\/script>\n<!-- \/ Yoast SEO plugin. -->","yoast_head_json":{"title":"Datenschutzpolitik - \u015alusarstwo us\u0142ugowe","robots":{"index":"index","follow":"follow","max-snippet":"max-snippet:-1","max-image-preview":"max-image-preview:large","max-video-preview":"max-video-preview:-1"},"canonical":"https:\/\/slusarstwo-fabijanczyk.pl\/de\/datenschutzpolitik\/","og_locale":"de_DE","og_type":"article","og_title":"Datenschutzpolitik - \u015alusarstwo us\u0142ugowe","og_description":"Die Datenschutzerkl\u00e4rung beschreibt, wie wir Informationen \u00fcber Sie, einschlie\u00dflich personenbezogener Daten und so genannter Cookies, verarbeiten. cookies. 1. Allgemeine Informationen... Read more","og_url":"https:\/\/slusarstwo-fabijanczyk.pl\/de\/datenschutzpolitik\/","og_site_name":"\u015alusarstwo us\u0142ugowe","twitter_card":"summary_large_image","twitter_misc":{"Gesch\u00e4tzte Lesezeit":"8\u00a0Minuten"},"schema":{"@context":"https:\/\/schema.org","@graph":[{"@type":"WebPage","@id":"https:\/\/slusarstwo-fabijanczyk.pl\/de\/datenschutzpolitik\/","url":"https:\/\/slusarstwo-fabijanczyk.pl\/de\/datenschutzpolitik\/","name":"Datenschutzpolitik - \u015alusarstwo us\u0142ugowe","isPartOf":{"@id":"https:\/\/slusarstwo-fabijanczyk.pl\/#website"},"datePublished":"2023-11-08T20:13:17+00:00","dateModified":"2023-11-08T20:13:17+00:00","breadcrumb":{"@id":"https:\/\/slusarstwo-fabijanczyk.pl\/de\/datenschutzpolitik\/#breadcrumb"},"inLanguage":"de","potentialAction":[{"@type":"ReadAction","target":["https:\/\/slusarstwo-fabijanczyk.pl\/de\/datenschutzpolitik\/"]}]},{"@type":"BreadcrumbList","@id":"https:\/\/slusarstwo-fabijanczyk.pl\/de\/datenschutzpolitik\/#breadcrumb","itemListElement":[{"@type":"ListItem","position":1,"name":"Strona g\u0142\u00f3wna","item":"https:\/\/slusarstwo-fabijanczyk.pl\/de\/"},{"@type":"ListItem","position":2,"name":"Datenschutzpolitik"}]},{"@type":"WebSite","@id":"https:\/\/slusarstwo-fabijanczyk.pl\/#website","url":"https:\/\/slusarstwo-fabijanczyk.pl\/","name":"\u015alusarstwo Us\u0142ugowe","description":"Maciej Fabija\u0144czyk - \u015blusarstwo-fabijanczyk.pl","publisher":{"@id":"https:\/\/slusarstwo-fabijanczyk.pl\/#organization"},"potentialAction":[{"@type":"SearchAction","target":{"@type":"EntryPoint","urlTemplate":"https:\/\/slusarstwo-fabijanczyk.pl\/?s={search_term_string}"},"query-input":"required name=search_term_string"}],"inLanguage":"de"},{"@type":"Organization","@id":"https:\/\/slusarstwo-fabijanczyk.pl\/#organization","name":"Maciej Fabija\u0144czyk","url":"https:\/\/slusarstwo-fabijanczyk.pl\/","logo":{"@type":"ImageObject","inLanguage":"de","@id":"https:\/\/slusarstwo-fabijanczyk.pl\/#\/schema\/logo\/image\/","url":"https:\/\/slusarstwo-fabijanczyk.pl\/wp-content\/uploads\/2024\/04\/cropped-logo.png","contentUrl":"https:\/\/slusarstwo-fabijanczyk.pl\/wp-content\/uploads\/2024\/04\/cropped-logo.png","width":512,"height":512,"caption":"Maciej Fabija\u0144czyk"},"image":{"@id":"https:\/\/slusarstwo-fabijanczyk.pl\/#\/schema\/logo\/image\/"}}]}},"_links":{"self":[{"href":"https:\/\/slusarstwo-fabijanczyk.pl\/de\/wp-json\/wp\/v2\/pages\/2894","targetHints":{"allow":["GET"]}}],"collection":[{"href":"https:\/\/slusarstwo-fabijanczyk.pl\/de\/wp-json\/wp\/v2\/pages"}],"about":[{"href":"https:\/\/slusarstwo-fabijanczyk.pl\/de\/wp-json\/wp\/v2\/types\/page"}],"author":[{"embeddable":true,"href":"https:\/\/slusarstwo-fabijanczyk.pl\/de\/wp-json\/wp\/v2\/users\/1"}],"replies":[{"embeddable":true,"href":"https:\/\/slusarstwo-fabijanczyk.pl\/de\/wp-json\/wp\/v2\/comments?post=2894"}],"version-history":[{"count":0,"href":"https:\/\/slusarstwo-fabijanczyk.pl\/de\/wp-json\/wp\/v2\/pages\/2894\/revisions"}],"wp:attachment":[{"href":"https:\/\/slusarstwo-fabijanczyk.pl\/de\/wp-json\/wp\/v2\/media?parent=2894"}],"curies":[{"name":"wp","href":"https:\/\/api.w.org\/{rel}","templated":true}]}}